{"id":368,"date":"2019-11-28T09:49:58","date_gmt":"2019-11-28T09:49:58","guid":{"rendered":"http:\/\/additio.se\/?page_id=368"},"modified":"2021-04-23T07:38:14","modified_gmt":"2021-04-23T07:38:14","slug":"tryckunderlag","status":"publish","type":"page","link":"https:\/\/additio.se\/?page_id=368","title":{"rendered":"Tryckunderlag"},"content":{"rendered":"\t\t<div data-elementor-type=\"wp-page\" data-elementor-id=\"368\" class=\"elementor elementor-368\" data-elementor-settings=\"[]\">\n\t\t\t\t\t\t<div class=\"elementor-inner\">\n\t\t\t\t\t\t\t<div class=\"elementor-section-wrap\">\n\t\t\t\t\t\t\t<section class=\"elementor-section elementor-top-section elementor-element elementor-element-5cad410 elementor-section-content-middle elementor-section-boxed elementor-section-height-default elementor-section-height-default\" data-id=\"5cad410\" data-element_type=\"section\">\n\t\t\t\t\t\t<div class=\"elementor-container elementor-column-gap-no\">\n\t\t\t\t\t\t\t<div class=\"elementor-row\">\n\t\t\t\t\t<div class=\"elementor-column elementor-col-100 elementor-top-column elementor-element elementor-element-7b00da6\" data-id=\"7b00da6\" data-element_type=\"column\">\n\t\t\t<div class=\"elementor-column-wrap elementor-element-populated\">\n\t\t\t\t\t\t\t<div class=\"elementor-widget-wrap\">\n\t\t\t\t\t\t<div class=\"elementor-element elementor-element-1816e87 elementor-widget elementor-widget-heading\" data-id=\"1816e87\" data-element_type=\"widget\" data-widget_type=\"heading.default\">\n\t\t\t\t<div class=\"elementor-widget-container\">\n\t\t\t<h4 class=\"elementor-heading-title elementor-size-default\">Tryckunderlag<\/h4>\t\t<\/div>\n\t\t\t\t<\/div>\n\t\t\t\t\t\t<\/div>\n\t\t\t\t\t<\/div>\n\t\t<\/div>\n\t\t\t\t\t\t\t\t<\/div>\n\t\t\t\t\t<\/div>\n\t\t<\/section>\n\t\t\t\t<section class=\"elementor-section elementor-top-section elementor-element elementor-element-da002ed elementor-section-boxed elementor-section-height-default elementor-section-height-default\" data-id=\"da002ed\" data-element_type=\"section\">\n\t\t\t\t\t\t<div class=\"elementor-container elementor-column-gap-wider\">\n\t\t\t\t\t\t\t<div class=\"elementor-row\">\n\t\t\t\t\t<div class=\"elementor-column elementor-col-50 elementor-top-column elementor-element elementor-element-969b2c3\" data-id=\"969b2c3\" data-element_type=\"column\">\n\t\t\t<div class=\"elementor-column-wrap elementor-element-populated\">\n\t\t\t\t\t\t\t<div class=\"elementor-widget-wrap\">\n\t\t\t\t\t\t<div class=\"elementor-element elementor-element-95ec99e elementor-widget elementor-widget-heading\" data-id=\"95ec99e\" data-element_type=\"widget\" data-widget_type=\"heading.default\">\n\t\t\t\t<div class=\"elementor-widget-container\">\n\t\t\t<h2 class=\"elementor-heading-title elementor-size-default\">Checklista f\u00f6r t ex Indesign innan PDF-export eller l\u00e4mning av \u00f6ppet dokument.\n<\/h2>\t\t<\/div>\n\t\t\t\t<\/div>\n\t\t\t\t<div class=\"elementor-element elementor-element-660da05 elementor-widget elementor-widget-text-editor\" data-id=\"660da05\" data-element_type=\"widget\" data-widget_type=\"text-editor.default\">\n\t\t\t\t<div class=\"elementor-widget-container\">\n\t\t\t\t\t<div class=\"elementor-text-editor elementor-clearfix\"><p><strong>\u2022 Du kan l\u00e4mna ett \u00f6ppet dokument<\/strong> eller en tryckf\u00e4rdig PDF (F\u00f6rinst\u00e4lld PDF-export med info f\u00f6r Indesign skickas till er). Vid l\u00e4mning av t ex \u00f6ppna Indesigndokument, anv\u00e4nd den s.k. \u201dPacka-funktionen\u201d f\u00f6r att f\u00e5 med allt, bilder, logotyper, typsnitt m.m. <br \/><strong>\u2022 Innan PDF-export eller<\/strong> l\u00e4mning av \u00f6ppet dokument,<br \/>kontrollera att att l\u00e4nkarna till bilder, illustrationer och logotyper \u00e4r uppdaterade.<br \/><strong>\u2022 Bilder har en uppl\u00f6sning<\/strong> p\u00e5 250-300 dpi, att CMYK-bilder (4-f\u00e4rg) har st\u00e4llts mot Fogra 39 alt. 51 f\u00f6r bestruket papper eller Fogra 47 alt.52 f\u00f6r obestruket papper (st\u00e4m av med mig additio vilken Fogra f\u00f6r ex obestr. d\u00e5 det beror p\u00e5 vilken press det ska in p\u00e5), du kan l\u00e4mna bilder i RGB-l\u00e4ge om du vill att vi 4-f\u00e4rgmixar dessa mot Fogra.<br \/><strong>\u2022 Fograprofiler &#8211; <\/strong>kan h\u00e4mtas p\u00e5 www.eci.org\/en\/downloads<br \/><strong>\u2022 Kolla att utfallet<\/strong> p\u00e5 bilder och f\u00e4rgplattor \u00e4r minst 3 mm utanf\u00f6r dokumentgr\u00e4nsen.<br \/><strong>\u2022 F\u00e4rger i dokumentet<\/strong> ligger i CMYK-l\u00e4ge och Processf\u00e4rg \u00e4r markerat (markera inte CMYK och Dekorf\u00e4rgl\u00e4ge i kombination) Kolla att svarta texter ej ligger i Passm\u00e4rke eller som\u00a04-f\u00e4rgblandning (100% svart skall endast ligga i 100% svart). <br \/><strong>\u2022 Det \u00e4r bra om f\u00e4rger<\/strong> som inte skall vara med \u00e4r borttagna, tex PMS-f\u00e4rger om ni trycker i 4-f\u00e4rg.<br \/><strong>\u2022 En korrekt best\u00e4llning<\/strong> med jobbnamn, format, upplaga, papper, sidantal och efterbehandling ifyllt.<\/p><\/div>\n\t\t\t\t<\/div>\n\t\t\t\t<\/div>\n\t\t\t\t<div class=\"elementor-element elementor-element-a31a667 elementor-widget elementor-widget-heading\" data-id=\"a31a667\" data-element_type=\"widget\" data-widget_type=\"heading.default\">\n\t\t\t\t<div class=\"elementor-widget-container\">\n\t\t\t<h2 class=\"elementor-heading-title elementor-size-default\">L\u00e4s in PDF F\u00f6rinst\u00e4llningar (joboption) i InDesign \n<\/h2>\t\t<\/div>\n\t\t\t\t<\/div>\n\t\t\t\t<div class=\"elementor-element elementor-element-afee77f elementor-widget elementor-widget-image\" data-id=\"afee77f\" data-element_type=\"widget\" data-widget_type=\"image.default\">\n\t\t\t\t<div class=\"elementor-widget-container\">\n\t\t\t\t\t<div class=\"elementor-image\">\n\t\t\t\t\t\t\t\t\t\t<img loading=\"lazy\" decoding=\"async\" width=\"1024\" height=\"872\" src=\"https:\/\/additio.se\/wp-content\/uploads\/2020\/10\/Bild-1-1024x872.png\" class=\"attachment-large size-large\" alt=\"\" srcset=\"https:\/\/additio.se\/wp-content\/uploads\/2020\/10\/Bild-1-1024x872.png 1024w, https:\/\/additio.se\/wp-content\/uploads\/2020\/10\/Bild-1-300x256.png 300w, https:\/\/additio.se\/wp-content\/uploads\/2020\/10\/Bild-1-768x654.png 768w, https:\/\/additio.se\/wp-content\/uploads\/2020\/10\/Bild-1.png 1296w\" sizes=\"auto, (max-width: 1024px) 100vw, 1024px\" \/>\t\t\t\t\t\t\t\t\t\t\t<\/div>\n\t\t\t\t<\/div>\n\t\t\t\t<\/div>\n\t\t\t\t<div class=\"elementor-element elementor-element-f4d30e0 elementor-widget elementor-widget-text-editor\" data-id=\"f4d30e0\" data-element_type=\"widget\" data-widget_type=\"text-editor.default\">\n\t\t\t\t<div class=\"elementor-widget-container\">\n\t\t\t\t\t<div class=\"elementor-text-editor elementor-clearfix\"><p><strong>Fr\u00e5n mejlet, dra filen \u201d Additio_tryckoptimerad.joboptions\u201d <br \/><\/strong><strong style=\"font-size: 14px;\">till t ex \u201dSkrivbordet\u201d. V\u00e4lj \u201dDefiniera\u201d under \u201dArkiv-menyn.<\/strong><\/p><\/div>\n\t\t\t\t<\/div>\n\t\t\t\t<\/div>\n\t\t\t\t<div class=\"elementor-element elementor-element-a32e079 elementor-widget elementor-widget-image\" data-id=\"a32e079\" data-element_type=\"widget\" data-widget_type=\"image.default\">\n\t\t\t\t<div class=\"elementor-widget-container\">\n\t\t\t\t\t<div class=\"elementor-image\">\n\t\t\t\t\t\t\t\t\t\t<img loading=\"lazy\" decoding=\"async\" width=\"1024\" height=\"835\" src=\"https:\/\/additio.se\/wp-content\/uploads\/2020\/10\/Bild-2-1024x835.png\" class=\"attachment-large size-large\" alt=\"\" srcset=\"https:\/\/additio.se\/wp-content\/uploads\/2020\/10\/Bild-2-1024x835.png 1024w, https:\/\/additio.se\/wp-content\/uploads\/2020\/10\/Bild-2-300x245.png 300w, https:\/\/additio.se\/wp-content\/uploads\/2020\/10\/Bild-2-768x627.png 768w, https:\/\/additio.se\/wp-content\/uploads\/2020\/10\/Bild-2.png 1368w\" sizes=\"auto, (max-width: 1024px) 100vw, 1024px\" \/>\t\t\t\t\t\t\t\t\t\t\t<\/div>\n\t\t\t\t<\/div>\n\t\t\t\t<\/div>\n\t\t\t\t<div class=\"elementor-element elementor-element-3cb1e0d elementor-widget elementor-widget-text-editor\" data-id=\"3cb1e0d\" data-element_type=\"widget\" data-widget_type=\"text-editor.default\">\n\t\t\t\t<div class=\"elementor-widget-container\">\n\t\t\t\t\t<div class=\"elementor-text-editor elementor-clearfix\"><p><strong>D\u00e4refter v\u00e4lj \u201dL\u00e4s in\u201d.<\/strong><\/p><\/div>\n\t\t\t\t<\/div>\n\t\t\t\t<\/div>\n\t\t\t\t<div class=\"elementor-element elementor-element-37ac55e elementor-widget elementor-widget-image\" data-id=\"37ac55e\" data-element_type=\"widget\" data-widget_type=\"image.default\">\n\t\t\t\t<div class=\"elementor-widget-container\">\n\t\t\t\t\t<div class=\"elementor-image\">\n\t\t\t\t\t\t\t\t\t\t<img loading=\"lazy\" decoding=\"async\" width=\"1024\" height=\"199\" src=\"https:\/\/additio.se\/wp-content\/uploads\/2020\/10\/Bild-3-1024x199.png\" class=\"attachment-large size-large\" alt=\"\" srcset=\"https:\/\/additio.se\/wp-content\/uploads\/2020\/10\/Bild-3-1024x199.png 1024w, https:\/\/additio.se\/wp-content\/uploads\/2020\/10\/Bild-3-300x58.png 300w, https:\/\/additio.se\/wp-content\/uploads\/2020\/10\/Bild-3-768x149.png 768w, https:\/\/additio.se\/wp-content\/uploads\/2020\/10\/Bild-3-1536x298.png 1536w, https:\/\/additio.se\/wp-content\/uploads\/2020\/10\/Bild-3.png 1876w\" sizes=\"auto, (max-width: 1024px) 100vw, 1024px\" \/>\t\t\t\t\t\t\t\t\t\t\t<\/div>\n\t\t\t\t<\/div>\n\t\t\t\t<\/div>\n\t\t\t\t<div class=\"elementor-element elementor-element-9ed8771 elementor-widget elementor-widget-text-editor\" data-id=\"9ed8771\" data-element_type=\"widget\" data-widget_type=\"text-editor.default\">\n\t\t\t\t<div class=\"elementor-widget-container\">\n\t\t\t\t\t<div class=\"elementor-text-editor elementor-clearfix\"><p><strong>Leta upp v\u00e5r PDF-Export p\u00e5 &#8221;Skrivbordet&#8221; och dubbelklicka p\u00e5 den.<\/strong><\/p><\/div>\n\t\t\t\t<\/div>\n\t\t\t\t<\/div>\n\t\t\t\t\t\t<\/div>\n\t\t\t\t\t<\/div>\n\t\t<\/div>\n\t\t\t\t<div class=\"elementor-column elementor-col-50 elementor-top-column elementor-element elementor-element-2784357\" data-id=\"2784357\" data-element_type=\"column\">\n\t\t\t<div class=\"elementor-column-wrap elementor-element-populated\">\n\t\t\t\t\t\t\t<div class=\"elementor-widget-wrap\">\n\t\t\t\t\t\t<div class=\"elementor-element elementor-element-e040524 elementor-widget elementor-widget-image\" data-id=\"e040524\" data-element_type=\"widget\" data-widget_type=\"image.default\">\n\t\t\t\t<div class=\"elementor-widget-container\">\n\t\t\t\t\t<div class=\"elementor-image\">\n\t\t\t\t\t\t\t\t\t\t<img loading=\"lazy\" decoding=\"async\" width=\"1024\" height=\"350\" src=\"https:\/\/additio.se\/wp-content\/uploads\/2020\/10\/Bild-4-1024x350.png\" class=\"attachment-large size-large\" alt=\"\" srcset=\"https:\/\/additio.se\/wp-content\/uploads\/2020\/10\/Bild-4-1024x350.png 1024w, https:\/\/additio.se\/wp-content\/uploads\/2020\/10\/Bild-4-300x103.png 300w, https:\/\/additio.se\/wp-content\/uploads\/2020\/10\/Bild-4-768x263.png 768w, https:\/\/additio.se\/wp-content\/uploads\/2020\/10\/Bild-4-1536x526.png 1536w, https:\/\/additio.se\/wp-content\/uploads\/2020\/10\/Bild-4.png 2034w\" sizes=\"auto, (max-width: 1024px) 100vw, 1024px\" \/>\t\t\t\t\t\t\t\t\t\t\t<\/div>\n\t\t\t\t<\/div>\n\t\t\t\t<\/div>\n\t\t\t\t<div class=\"elementor-element elementor-element-f621881 elementor-widget elementor-widget-text-editor\" data-id=\"f621881\" data-element_type=\"widget\" data-widget_type=\"text-editor.default\">\n\t\t\t\t<div class=\"elementor-widget-container\">\n\t\t\t\t\t<div class=\"elementor-text-editor elementor-clearfix\"><p><strong style=\"font-size: 14px;\"><span style=\"font-size: 14px;\">St\u00e4ng dialogrutan. <br \/><\/span><\/strong><\/p><\/div>\n\t\t\t\t<\/div>\n\t\t\t\t<\/div>\n\t\t\t\t<div class=\"elementor-element elementor-element-e1e23d1 elementor-widget elementor-widget-image\" data-id=\"e1e23d1\" data-element_type=\"widget\" data-widget_type=\"image.default\">\n\t\t\t\t<div class=\"elementor-widget-container\">\n\t\t\t\t\t<div class=\"elementor-image\">\n\t\t\t\t\t\t\t\t\t\t<img loading=\"lazy\" decoding=\"async\" width=\"1024\" height=\"861\" src=\"https:\/\/additio.se\/wp-content\/uploads\/2020\/10\/Bild-5-1024x861.png\" class=\"attachment-large size-large\" alt=\"\" srcset=\"https:\/\/additio.se\/wp-content\/uploads\/2020\/10\/Bild-5-1024x861.png 1024w, https:\/\/additio.se\/wp-content\/uploads\/2020\/10\/Bild-5-300x252.png 300w, https:\/\/additio.se\/wp-content\/uploads\/2020\/10\/Bild-5-768x646.png 768w, https:\/\/additio.se\/wp-content\/uploads\/2020\/10\/Bild-5.png 1430w\" sizes=\"auto, (max-width: 1024px) 100vw, 1024px\" \/>\t\t\t\t\t\t\t\t\t\t\t<\/div>\n\t\t\t\t<\/div>\n\t\t\t\t<\/div>\n\t\t\t\t<div class=\"elementor-element elementor-element-b2bcb1f elementor-widget elementor-widget-text-editor\" data-id=\"b2bcb1f\" data-element_type=\"widget\" data-widget_type=\"text-editor.default\">\n\t\t\t\t<div class=\"elementor-widget-container\">\n\t\t\t\t\t<div class=\"elementor-text-editor elementor-clearfix\"><p><strong style=\"font-size: 14px;\"><span style=\"font-size: 14px;\">Ditt InDesign \u00e4r klart att exportera till h\u00f6guppl\u00f6st pdf. G\u00e5 till Adobe pdf-f\u00f6rinst\u00e4llningar och v\u00e4lj den joboption som du vill anv\u00e4nda ex additio joboption.<\/span><\/strong><\/p><p>\u00a0<\/p><\/div>\n\t\t\t\t<\/div>\n\t\t\t\t<\/div>\n\t\t\t\t<div class=\"elementor-element elementor-element-52f05c2 elementor-widget elementor-widget-image\" data-id=\"52f05c2\" data-element_type=\"widget\" data-widget_type=\"image.default\">\n\t\t\t\t<div class=\"elementor-widget-container\">\n\t\t\t\t\t<div class=\"elementor-image\">\n\t\t\t\t\t\t\t\t\t\t<img loading=\"lazy\" decoding=\"async\" width=\"1024\" height=\"962\" src=\"https:\/\/additio.se\/wp-content\/uploads\/2021\/04\/tryckunderlag-allman-1024x962.png\" class=\"attachment-large size-large\" alt=\"\" srcset=\"https:\/\/additio.se\/wp-content\/uploads\/2021\/04\/tryckunderlag-allman-1024x962.png 1024w, https:\/\/additio.se\/wp-content\/uploads\/2021\/04\/tryckunderlag-allman-300x282.png 300w, https:\/\/additio.se\/wp-content\/uploads\/2021\/04\/tryckunderlag-allman-768x721.png 768w, https:\/\/additio.se\/wp-content\/uploads\/2021\/04\/tryckunderlag-allman.png 1414w\" sizes=\"auto, (max-width: 1024px) 100vw, 1024px\" \/>\t\t\t\t\t\t\t\t\t\t\t<\/div>\n\t\t\t\t<\/div>\n\t\t\t\t<\/div>\n\t\t\t\t<div class=\"elementor-element elementor-element-02570e3 elementor-widget elementor-widget-text-editor\" data-id=\"02570e3\" data-element_type=\"widget\" data-widget_type=\"text-editor.default\">\n\t\t\t\t<div class=\"elementor-widget-container\">\n\t\t\t\t\t<div class=\"elementor-text-editor elementor-clearfix\"><p><b>En sista dialogruta visas, allt \u00e4r f\u00f6rinst\u00e4llt med sk\u00e4rm\u00e4rken, utfall, b\u00e4sta uppl\u00f6sning och alla teckensnitt \u00e4r inbakade i PDF:en om vi t ex skulle beh\u00f6va g\u00f6ra en textjustering i efterhand.<\/b><\/p><\/div>\n\t\t\t\t<\/div>\n\t\t\t\t<\/div>\n\t\t\t\t<div class=\"elementor-element elementor-element-a5e7f1d elementor-widget elementor-widget-text-editor\" data-id=\"a5e7f1d\" data-element_type=\"widget\" data-widget_type=\"text-editor.default\">\n\t\t\t\t<div class=\"elementor-widget-container\">\n\t\t\t\t\t<div class=\"elementor-text-editor elementor-clearfix\"><p><b><img loading=\"lazy\" decoding=\"async\" class=\"alignnone size-large wp-image-552\" src=\"http:\/\/additio.se\/wp-content\/uploads\/2021\/04\/tryck-utdata-1024x962.png\" alt=\"\" width=\"1024\" height=\"962\" srcset=\"https:\/\/additio.se\/wp-content\/uploads\/2021\/04\/tryck-utdata-1024x962.png 1024w, https:\/\/additio.se\/wp-content\/uploads\/2021\/04\/tryck-utdata-300x282.png 300w, https:\/\/additio.se\/wp-content\/uploads\/2021\/04\/tryck-utdata-768x721.png 768w, https:\/\/additio.se\/wp-content\/uploads\/2021\/04\/tryck-utdata.png 1416w\" sizes=\"auto, (max-width: 1024px) 100vw, 1024px\" \/>S\u00e5 h\u00e4r ska det se ut i dialogrutan i utdata. Klicka p\u00e5 Exportera, spara det d\u00e4r du vill ha det.&nbsp;<\/b><\/p><p><b>OBS! Visar standardinst\u00e4llningen. Inneb\u00e4r att ingen ICC-profil l\u00e4ggs p\u00e5 vid exporten till PDF.)<\/b><\/p>\n<p><b>&nbsp;<\/b><\/p><\/div>\n\t\t\t\t<\/div>\n\t\t\t\t<\/div>\n\t\t\t\t\t\t<\/div>\n\t\t\t\t\t<\/div>\n\t\t<\/div>\n\t\t\t\t\t\t\t\t<\/div>\n\t\t\t\t\t<\/div>\n\t\t<\/section>\n\t\t\t\t\t\t<\/div>\n\t\t\t\t\t\t<\/div>\n\t\t\t\t\t<\/div>\n\t\t","protected":false},"excerpt":{"rendered":"<p>Tryckunderlag Checklista f\u00f6r t ex Indesign innan PDF-export eller l\u00e4mning av \u00f6ppet dokument. \u2022 Du kan l\u00e4mna ett \u00f6ppet dokument eller en tryckf\u00e4rdig PDF (F\u00f6rinst\u00e4lld PDF-export med info f\u00f6r Indesign skickas till er). Vid l\u00e4mning av t ex \u00f6ppna Indesigndokument, anv\u00e4nd den s.k. \u201dPacka-funktionen\u201d f\u00f6r att f\u00e5 med allt, bilder, logotyper, typsnitt m.m. \u2022 Innan [&hellip;]<\/p>\n","protected":false},"author":1,"featured_media":0,"parent":0,"menu_order":0,"comment_status":"closed","ping_status":"closed","template":"","meta":{"footnotes":""},"class_list":["post-368","page","type-page","status-publish","hentry","entry"],"_links":{"self":[{"href":"https:\/\/additio.se\/index.php?rest_route=\/wp\/v2\/pages\/368","targetHints":{"allow":["GET"]}}],"collection":[{"href":"https:\/\/additio.se\/index.php?rest_route=\/wp\/v2\/pages"}],"about":[{"href":"https:\/\/additio.se\/index.php?rest_route=\/wp\/v2\/types\/page"}],"author":[{"embeddable":true,"href":"https:\/\/additio.se\/index.php?rest_route=\/wp\/v2\/users\/1"}],"replies":[{"embeddable":true,"href":"https:\/\/additio.se\/index.php?rest_route=%2Fwp%2Fv2%2Fcomments&post=368"}],"version-history":[{"count":33,"href":"https:\/\/additio.se\/index.php?rest_route=\/wp\/v2\/pages\/368\/revisions"}],"predecessor-version":[{"id":555,"href":"https:\/\/additio.se\/index.php?rest_route=\/wp\/v2\/pages\/368\/revisions\/555"}],"wp:attachment":[{"href":"https:\/\/additio.se\/index.php?rest_route=%2Fwp%2Fv2%2Fmedia&parent=368"}],"curies":[{"name":"wp","href":"https:\/\/api.w.org\/{rel}","templated":true}]}}